{"id":1,"date":"2019-09-10T12:09:19","date_gmt":"2019-09-10T12:09:19","guid":{"rendered":"https:\/\/terrapharmaec.com\/?p=1"},"modified":"2025-06-03T21:56:11","modified_gmt":"2025-06-03T21:56:11","slug":"home","status":"publish","type":"page","link":"https:\/\/terrapharmaec.com\/","title":{"rendered":"Home"},"content":{"rendered":"<h1><strong>HUANCAVILCA<\/strong><\/h1>\n<h1><strong>Tu Farmacia de confianza<\/strong><\/h1>\n<div>\n<p><strong>Vergeles y Ciudadela Huancavilca, Ciudad del Norte<\/strong><\/p>\n<\/div>\n<h2>\n<p style=\"text-align: center;\">Tu Farmacia de Confianza<\/p>\n<\/h2>\n<h2>\n<p style=\"text-align: center;\">Medicamentos y productos para la salud, a los mejores precios del mercado.<\/p>\n<\/h2>\n<h2>\n<p style=\"text-align: left;\">Tu Farmacia de Confianza<\/p>\n<\/h2>\n<h2>\n<p style=\"text-align: left;\">Medicamentos y productos para la salud, a los mejores precios del mercado.<\/p>\n<\/h2>\n<p>\n    <a href=\"https:\/\/api.whatsapp.com\/send?phone=593999628888&#038;text=Necesito%20m%C3%A1s%20informaci%C3%B3n\">Pedidos<\/a>\n<\/p>\n<p>\n    <a href=\"https:\/\/api.whatsapp.com\/send?phone=593999628888&#038;text=Necesito%20m%C3%A1s%20informaci%C3%B3n\">Pedidos<\/a>\n<\/p>\n<p><img decoding=\"async\" src=\"\/wp-content\/uploads\/2024\/11\/theo.png\" alt=\"\"><\/p>\n<ul>\n<li>\n<p>        <img decoding=\"async\" src=\"\/wp-content\/uploads\/2024\/11\/vitaminas-terrapharma.jpg\" alt=\"\"><\/p>\n<div>Vitaminas y Minerales<\/div>\n<\/li>\n<li>\n<p>        <img decoding=\"async\" src=\"\/wp-content\/uploads\/2024\/11\/suplementos-terrapharma.jpg\" alt=\"\"><\/p>\n<div>Suplementos Alimenticios<\/div>\n<\/li>\n<\/ul>\n<h2>\u00a1Tu Farmacia de Confianza!<\/h2>\n<ul>\n<li>\n<p>        <img decoding=\"async\" src=\"\/wp-content\/uploads\/2024\/11\/shampoo-jhonsons-terrapharma.png\" alt=\"\"><\/p>\n<h3>Shampoo<\/h3>\n<div>\n<p>Lorem ipsum dolor sit amet, consectetuer adipiscing elit. Aenean commodo ligula eget dolor. Aenean massa.<\/p>\n<\/div>\n<\/li>\n<li>\n<p>        <img decoding=\"async\" src=\"\/wp-content\/uploads\/2024\/11\/cosmeticos-terrapharma.png\" alt=\"\"><\/p>\n<h3>Pretzel Rolls<\/h3>\n<\/li>\n<li>\n<p>        <img decoding=\"async\" src=\"\/wp-content\/uploads\/2024\/11\/cebion-terrapharma.png\" alt=\"\"><\/p>\n<h3>Cebi\u00f3n<\/h3>\n<div>Lorem ipsum dolor sit amet, consectetuer adipiscing elit. Aenean commodo ligula eget dolor. Aenean massa.<\/div>\n<\/li>\n<li>\n<p>        <img decoding=\"async\" src=\"\/wp-content\/uploads\/2024\/11\/pulvapies-terrapharma.png\" alt=\"\"><\/p>\n<h3>Talco Pulvapies<\/h3>\n<div>\n<p>Lorem ipsum dolor sit amet, consectetuer adipiscing elit. Aenean commodo ligula eget dolor. Aenean massa.<\/p>\n<\/div>\n<\/li>\n<li>\n<p>        <img decoding=\"async\" src=\"\/wp-content\/uploads\/2024\/11\/eucerin-terrapharma.png\" alt=\"\"><\/p>\n<h3>Sourdough Bread<\/h3>\n<div>Lorem ipsum dolor sit amet, consectetuer adipiscing elit. Aenean commodo ligula eget dolor. Aenean massa.<\/div>\n<\/li>\n<\/ul>\n<div>\n<h2>Visita Nuestro<br \/> Local<\/h2>\n<div>\n<p>En Terrapharma nos comprometemos con tu bienestar, ofreciendo atenci\u00f3n personalizada, precios accesibles y un servicio confiable. Promovemos la prevenci\u00f3n y salud diaria con productos de calidad, cuidando tu econom\u00eda y apoy\u00e1ndote en todo momento.<\/p>\n<\/div>\n<\/div>\n<h3>Horario de Atenci\u00f3n<\/h3>\n<div>\n<h3>Huancavilca Norte<\/h3>\n<p>6:00  \u2013 22:00<\/p>\n<\/div>\n<p>\n    <a href=\"https:\/\/api.whatsapp.com\/send?phone=593999628888&#038;text=Necesito%20m%C3%A1s%20informaci%C3%B3n\">Cont\u00e1ctanos<\/a>\n<\/p>\n<p><img decoding=\"async\" src=\"\/wp-content\/uploads\/2024\/11\/textura-medicinas-terrapharma.jpg\" alt=\"\"><\/p>\n<div>\n<div>Ofrecemos productos y medicamentos para el cuidado de tu salud. <\/div>\n<div>\n<p>\ud83d\udd52 Atenci\u00f3n personalizada y respuesta r\u00e1pida, para que siempre encuentres lo que necesitas, cuando lo necesites.<\/p>\n<\/div>\n<\/div>\n<p><img decoding=\"async\" src=\"\/wp-content\/uploads\/2024\/11\/familia-terrapharma.png\" alt=\"\"><\/p>\n<p><!--more--><br \/>\n<!-- {\"name\":\"Home\",\"type\":\"layout\",\"children\":[{\"name\":\"Hero\",\"type\":\"section\",\"props\":{\"height\":\"full\",\"image\":\"wp-content\\\/uploads\\\/2024\\\/11\\\/slider-terrapharma-home.jpg\",\"image_loading\":true,\"image_position\":\"center-center\",\"image_size\":\"cover\",\"image_width\":\"2560\",\"media_background\":\"#FFFFFF\",\"media_overlay\":\"rgba(255, 255, 255, 0.44)\",\"overlap\":true,\"padding\":\"small\",\"style\":\"default\",\"title_breakpoint\":\"xl\",\"title_position\":\"top-left\",\"title_rotation\":\"left\",\"vertical_align\":\"middle\",\"width\":\"large\"},\"children\":[{\"name\":\"\",\"type\":\"row\",\"children\":[{\"name\":\"\",\"type\":\"column\",\"props\":{\"image_position\":\"center-center\",\"media_overlay_gradient\":\"\",\"position_sticky_breakpoint\":\"m\",\"width_medium\":\"1-1\"},\"children\":[{\"name\":\"\",\"type\":\"headline\",\"props\":{\"content\":\"<strong>HUANCAVILCA<\\\/strong>\",\"text_align\":\"center\",\"title_element\":\"h1\",\"title_style\":\"heading-large\",\"visibility\":\"l\"}},{\"name\":\"\",\"type\":\"headline\",\"props\":{\"animation\":\"slide-top-medium\",\"content\":\"<strong>Tu Farmacia de confianza<\\\/strong>\",\"text_align\":\"center\",\"title_element\":\"h1\",\"title_style\":\"h1\",\"visibility\":\"hidden-l\"}},{\"name\":\"\",\"type\":\"text\",\"props\":{\"column_breakpoint\":\"m\",\"content\":\"\n\n<p><strong>Vergeles y Ciudadela Huancavilca, Ciudad del Norte<\\\/strong><\\\/p>\",\"margin\":\"\",\"margin_remove_bottom\":false,\"text_align\":\"center\"}}]}]}]},{\"name\":\"About\",\"type\":\"section\",\"props\":{\"height\":\"percent\",\"image\":\"wp-content\\\/uploads\\\/2024\\\/11\\\/motivo-terrapharma-scaled.jpg\",\"image_effect\":\"parallax\",\"image_parallax_bgy\":\"-200,100\",\"image_parallax_easing\":\"1\",\"image_position\":\"center-center\",\"image_size\":\"cover\",\"image_width\":\"2560\",\"padding\":\"large\",\"style\":\"default\",\"title_breakpoint\":\"xl\",\"title_position\":\"top-left\",\"title_rotation\":\"left\",\"vertical_align\":\"middle\",\"width\":\"xlarge\"},\"children\":[{\"name\":\"\",\"type\":\"row\",\"children\":[{\"name\":\"\",\"type\":\"column\",\"props\":{\"image_position\":\"center-center\",\"media_overlay_gradient\":\"\",\"position_sticky_breakpoint\":\"m\",\"vertical_align\":\"middle\",\"width_medium\":\"1-2\"},\"children\":[{\"name\":\"\",\"type\":\"headline\",\"props\":{\"block_align\":\"center\",\"content\":\"\n\n<p style=\\\"text-align: center;\\\">Tu Farmacia de Confianza<\\\/p>\",\"margin\":\"large\",\"text_align\":\"center\",\"title_color\":\"muted\",\"title_element\":\"h2\",\"title_style\":\"h2\",\"visibility\":\"hidden-l\"}},{\"name\":\"\",\"type\":\"headline\",\"props\":{\"block_align\":\"center\",\"content\":\"\n\n<p style=\\\"text-align: center;\\\">Medicamentos y productos para la salud, a los mejores precios del mercado.<\\\/p>\",\"margin\":\"large\",\"text_align\":\"center\",\"title_color\":\"muted\",\"title_element\":\"h2\",\"title_style\":\"h5\",\"visibility\":\"hidden-m\"}},{\"name\":\"\",\"type\":\"headline\",\"props\":{\"block_align\":\"center\",\"content\":\"\n\n<p style=\\\"text-align: left;\\\">Tu Farmacia de Confianza<\\\/p>\",\"margin\":\"large\",\"text_align\":\"center\",\"title_color\":\"muted\",\"title_element\":\"h2\",\"title_style\":\"heading-medium\",\"visibility\":\"l\"}},{\"name\":\"\",\"type\":\"headline\",\"props\":{\"block_align\":\"center\",\"content\":\"\n\n<p style=\\\"text-align: left;\\\">Medicamentos y productos para la salud, a los mejores precios del mercado.<\\\/p>\",\"margin\":\"large\",\"text_align\":\"center\",\"title_color\":\"muted\",\"title_element\":\"h2\",\"title_style\":\"h5\",\"visibility\":\"m\"}},{\"name\":\"\",\"type\":\"button\",\"props\":{\"button_size\":\"large\",\"grid_column_gap\":\"small\",\"grid_row_gap\":\"small\",\"margin\":\"default\",\"text_align\":\"center\",\"visibility\":\"hidden-m\"},\"children\":[{\"name\":\"\",\"type\":\"button_item\",\"props\":{\"button_style\":\"secondary\",\"content\":\"Pedidos\",\"icon_align\":\"left\",\"link\":\"https:\\\/\\\/api.whatsapp.com\\\/send?phone=593999628888&text=Necesito%20m%C3%A1s%20informaci%C3%B3n\",\"link_target\":\"blank\"}}]},{\"name\":\"\",\"type\":\"button\",\"props\":{\"button_size\":\"large\",\"grid_column_gap\":\"small\",\"grid_row_gap\":\"small\",\"margin\":\"default\",\"text_align\":\"left\",\"visibility\":\"m\"},\"children\":[{\"name\":\"\",\"type\":\"button_item\",\"props\":{\"button_style\":\"secondary\",\"content\":\"Pedidos\",\"icon_align\":\"left\",\"link\":\"https:\\\/\\\/api.whatsapp.com\\\/send?phone=593999628888&text=Necesito%20m%C3%A1s%20informaci%C3%B3n\",\"link_target\":\"blank\"}}]}]},{\"type\":\"column\",\"props\":{\"image_position\":\"center-center\",\"media_overlay_gradient\":\"\",\"position_sticky_breakpoint\":\"m\",\"width_medium\":\"1-2\"},\"children\":[{\"type\":\"image\",\"props\":{\"image\":\"wp-content\\\/uploads\\\/2024\\\/11\\\/theo.png\",\"image_svg_color\":\"emphasis\",\"margin\":\"default\"}}]}],\"props\":{\"layout\":\"1-2,1-2\"}}]},{\"name\":\"Menu\",\"type\":\"section\",\"props\":{\"image_position\":\"center-center\",\"padding\":\"large\",\"padding_remove_bottom\":false,\"style\":\"default\",\"title_breakpoint\":\"xl\",\"title_position\":\"top-left\",\"title_rotation\":\"left\",\"vertical_align\":\"middle\",\"width\":\"xlarge\"},\"children\":[{\"name\":\"\",\"type\":\"row\",\"props\":{\"column_gap\":\"small\",\"match\":false,\"row_gap\":\"small\",\"vertical_align\":\"middle\"},\"children\":[{\"name\":\"\",\"type\":\"column\",\"props\":{\"image_position\":\"center-center\",\"media_overlay_gradient\":\"\",\"position_sticky_breakpoint\":\"m\",\"vertical_align\":\"middle\",\"width_medium\":\"\"},\"children\":[{\"name\":\"\",\"type\":\"gallery\",\"props\":{\"filter_align\":\"left\",\"filter_all\":true,\"filter_grid_breakpoint\":\"m\",\"filter_grid_width\":\"auto\",\"filter_position\":\"top\",\"filter_style\":\"tab\",\"grid_column_gap\":\"small\",\"grid_default\":\"1\",\"grid_medium\":\"\",\"grid_row_gap\":\"small\",\"grid_small\":\"2\",\"image_width\":\"610\",\"item_animation\":true,\"link_style\":\"default\",\"link_text\":\"\",\"margin\":\"default\",\"meta_align\":\"below-title\",\"meta_element\":\"div\",\"meta_style\":\"text-meta\",\"overlay_hover\":true,\"overlay_link\":true,\"overlay_mode\":\"cover\",\"overlay_position\":\"center\",\"overlay_style\":\"overlay-default\",\"overlay_transition\":\"fade\",\"parallax_easing\":\"1\",\"show_content\":true,\"show_hover_image\":true,\"show_link\":true,\"show_meta\":true,\"show_title\":true,\"text_align\":\"center\",\"text_color\":\"\",\"title_element\":\"div\",\"title_hover_style\":\"reset\",\"title_style\":\"h3\"},\"children\":[{\"name\":\"\",\"type\":\"gallery_item\",\"props\":{\"image\":\"wp-content\\\/uploads\\\/2024\\\/11\\\/vitaminas-terrapharma.jpg\",\"link\":\"\",\"title\":\"Vitaminas y Minerales\"}},{\"name\":\"\",\"type\":\"gallery_item\",\"props\":{\"image\":\"wp-content\\\/uploads\\\/2024\\\/11\\\/suplementos-terrapharma.jpg\",\"link\":\"\",\"title\":\"Suplementos Alimenticios\"}}]}]}]}]},{\"name\":\"Products\",\"type\":\"section\",\"props\":{\"css\":\".el-section{background-color:#326EB5}\",\"height\":\"percent\",\"image\":\"\",\"image_effect\":\"parallax\",\"image_parallax_bgy\":\"300,450\",\"image_parallax_easing\":\"1\",\"image_position\":\"bottom-right\",\"image_width\":\"700\",\"padding\":\"large\",\"style\":\"default\",\"title_breakpoint\":\"xl\",\"title_position\":\"top-left\",\"title_rotation\":\"left\",\"vertical_align\":\"middle\",\"width\":\"\"},\"children\":[{\"name\":\"\",\"type\":\"row\",\"props\":{\"margin_remove_bottom\":true,\"width\":\"large\"},\"children\":[{\"name\":\"\",\"type\":\"column\",\"props\":{\"image_position\":\"center-center\",\"media_overlay_gradient\":\"\",\"position_sticky_breakpoint\":\"m\",\"width_medium\":\"1-1\"},\"children\":[{\"name\":\"\",\"type\":\"headline\",\"props\":{\"block_align\":\"center\",\"content\":\"\\u00a1Tu Farmacia de Confianza!\",\"margin\":\"medium\",\"text_align\":\"center\",\"title_color\":\"muted\",\"title_element\":\"h2\",\"title_style\":\"heading-small\"}}]}]},{\"name\":\"\",\"type\":\"row\",\"children\":[{\"name\":\"\",\"type\":\"column\",\"props\":{\"image_position\":\"center-center\",\"media_overlay_gradient\":\"\",\"position_sticky_breakpoint\":\"m\",\"width_medium\":\"1-1\"},\"children\":[{\"name\":\"\",\"type\":\"overlay-slider\",\"props\":{\"image_width\":\"1150\",\"link_style\":\"default\",\"link_text\":\"\",\"margin\":\"default\",\"meta_align\":\"below-title\",\"meta_element\":\"div\",\"meta_style\":\"text-meta\",\"nav\":\"dotnav\",\"nav_align\":\"center\",\"nav_breakpoint\":\"\",\"nav_color\":\"\",\"nav_margin\":\"\",\"overlay_hover\":true,\"overlay_link\":true,\"overlay_maxwidth\":\"xlarge\",\"overlay_mode\":\"cover\",\"overlay_position\":\"center\",\"overlay_transition\":\"fade\",\"show_content\":false,\"show_hover_image\":true,\"show_link\":true,\"show_meta\":true,\"show_title\":false,\"slidenav\":\"\",\"slidenav_breakpoint\":\"s\",\"slidenav_color\":\"\",\"slidenav_margin\":\"medium\",\"slidenav_outside_breakpoint\":\"xl\",\"slidenav_outside_color\":\"\",\"slider_autoplay\":false,\"slider_autoplay_interval\":\"5\",\"slider_autoplay_pause\":true,\"slider_center\":true,\"slider_gap\":\"large\",\"slider_height\":\"\",\"slider_sets\":true,\"slider_velocity\":\"0.7\",\"slider_width\":\"fixed\",\"slider_width_default\":\"1-1\",\"slider_width_large\":\"\",\"slider_width_medium\":\"1-2\",\"slider_width_small\":\"3-5\",\"slider_width_xlarge\":\"\",\"text_align\":\"center\",\"title_element\":\"h3\",\"title_hover_style\":\"reset\",\"title_style\":\"h2\"},\"children\":[{\"name\":\"\",\"type\":\"overlay-slider_item\",\"props\":{\"content\":\"\n\n<p>Lorem ipsum dolor sit amet, consectetuer adipiscing elit. Aenean commodo ligula eget dolor. Aenean massa.<\\\/p>\",\"image\":\"wp-content\\\/uploads\\\/2024\\\/11\\\/shampoo-jhonsons-terrapharma.png\",\"title\":\"Shampoo\"}},{\"name\":\"\",\"type\":\"overlay-slider_item\",\"props\":{\"content\":\"\",\"image\":\"wp-content\\\/uploads\\\/2024\\\/11\\\/cosmeticos-terrapharma.png\",\"title\":\"Pretzel Rolls\"}},{\"name\":\"\",\"type\":\"overlay-slider_item\",\"props\":{\"content\":\"Lorem ipsum dolor sit amet, consectetuer adipiscing elit. Aenean commodo ligula eget dolor. Aenean massa.\",\"image\":\"wp-content\\\/uploads\\\/2024\\\/11\\\/cebion-terrapharma.png\",\"image_alt\":\"\",\"title\":\"Cebi\\u00f3n\"}},{\"name\":\"\",\"type\":\"overlay-slider_item\",\"props\":{\"content\":\"\n\n<p>Lorem ipsum dolor sit amet, consectetuer adipiscing elit. Aenean commodo ligula eget dolor. Aenean massa.<\\\/p>\",\"image\":\"wp-content\\\/uploads\\\/2024\\\/11\\\/pulvapies-terrapharma.png\",\"title\":\"Talco Pulvapies\"}},{\"name\":\"\",\"type\":\"overlay-slider_item\",\"props\":{\"content\":\"Lorem ipsum dolor sit amet, consectetuer adipiscing elit. Aenean commodo ligula eget dolor. Aenean massa.\",\"image\":\"wp-content\\\/uploads\\\/2024\\\/11\\\/eucerin-terrapharma.png\",\"title\":\"Sourdough Bread\"}}]}]}]}]},{\"name\":\"Opening Hours\",\"type\":\"section\",\"props\":{\"class\":\"uk-overflow-hidden\",\"image_position\":\"center-center\",\"overlap\":false,\"padding\":\"large\",\"padding_remove_bottom\":true,\"style\":\"default\",\"title_breakpoint\":\"xl\",\"title_position\":\"top-left\",\"title_rotation\":\"left\",\"vertical_align\":\"middle\",\"width\":\"\"},\"children\":[{\"name\":\"\",\"type\":\"row\",\"props\":{\"column_gap\":\"large\",\"divider\":true,\"layout\":\"2-3,1-3\",\"margin\":\"xlarge\",\"margin_remove_bottom\":true,\"margin_remove_top\":false,\"row_gap\":\"large\",\"vertical_align\":true,\"width\":\"large\"},\"children\":[{\"name\":\"\",\"type\":\"column\",\"props\":{\"image_position\":\"center-center\",\"media_overlay_gradient\":\"\",\"position_sticky_breakpoint\":\"m\",\"vertical_align\":\"middle\",\"width_medium\":\"2-3\"},\"children\":[{\"name\":\"\",\"type\":\"panel\",\"props\":{\"content\":\"\n\n<p>En Terrapharma nos comprometemos con tu bienestar, ofreciendo atenci\\u00f3n personalizada, precios accesibles y un servicio confiable. Promovemos la prevenci\\u00f3n y salud diaria con productos de calidad, cuidando tu econom\\u00eda y apoy\\u00e1ndote en todo momento.<\\\/p>\",\"content_column_breakpoint\":\"m\",\"icon_ratio\":4,\"icon_width\":80,\"image_align\":\"top\",\"image_grid_breakpoint\":\"m\",\"image_grid_width\":\"1-2\",\"image_svg_color\":\"emphasis\",\"link_style\":\"default\",\"link_text\":\"Read more\",\"margin\":\"default\",\"maxwidth\":\"2xlarge\",\"meta\":\"\",\"meta_align\":\"above-title\",\"meta_element\":\"div\",\"meta_style\":\"h6\",\"title\":\"Visita Nuestro<br \/> Local\",\"title_align\":\"top\",\"title_element\":\"h2\",\"title_grid_breakpoint\":\"m\",\"title_grid_width\":\"1-2\",\"title_hover_style\":\"reset\"}}]},{\"name\":\"\",\"type\":\"column\",\"props\":{\"image_position\":\"center-center\",\"media_overlay_gradient\":\"\",\"position_sticky_breakpoint\":\"m\",\"vertical_align\":\"middle\",\"width_medium\":\"1-3\"},\"children\":[{\"name\":\"\",\"type\":\"headline\",\"props\":{\"content\":\"Horario de Atenci\\u00f3n\",\"title_element\":\"h3\",\"title_style\":\"h4\"}},{\"name\":\"\",\"type\":\"description_list\",\"props\":{\"column_breakpoint\":\"m\",\"layout\":\"grid-2-m\",\"list_element\":\"ul\",\"list_size\":\"\",\"meta_align\":\"below-content\",\"meta_style\":\"\",\"show_content\":true,\"show_link\":true,\"show_meta\":true,\"show_title\":true,\"title_element\":\"div\",\"title_grid_breakpoint\":\"\",\"title_grid_column_gap\":\"small\",\"title_grid_row_gap\":\"small\",\"title_grid_width\":\"expand\",\"title_leader\":true},\"children\":[{\"name\":\"\",\"type\":\"description_list_item\",\"props\":{\"content\":\"\",\"meta\":\"6:00  \\u2013 22:00\",\"title\":\"Huancavilca Norte\"}}]},{\"name\":\"\",\"type\":\"button\",\"props\":{\"grid_column_gap\":\"small\",\"grid_row_gap\":\"small\",\"margin\":\"default\"},\"children\":[{\"name\":\"\",\"type\":\"button_item\",\"props\":{\"button_style\":\"primary\",\"content\":\"Cont\\u00e1ctanos\",\"icon_align\":\"left\",\"link\":\"https:\\\/\\\/api.whatsapp.com\\\/send?phone=593999628888&text=Necesito%20m%C3%A1s%20informaci%C3%B3n\",\"link_target\":\"blank\"}}]}]}]},{\"name\":\"\",\"type\":\"row\",\"children\":[{\"name\":\"\",\"type\":\"column\",\"props\":{\"image_position\":\"center-center\",\"media_overlay_gradient\":\"\",\"position_sticky_breakpoint\":\"m\",\"width_medium\":\"1-1\"},\"children\":[{\"name\":\"\",\"type\":\"image\",\"props\":{\"animation\":\"parallax\",\"image\":\"wp-content\\\/uploads\\\/2024\\\/11\\\/textura-medicinas-terrapharma.jpg\",\"image_svg_color\":\"emphasis\",\"image_width\":\"880\",\"margin\":\"remove-vertical\",\"parallax_breakpoint\":\"m\",\"parallax_easing\":\"1\",\"parallax_y\":\"80,0\",\"text_align\":\"center\"}}]}],\"props\":{\"margin_remove_top\":false}}]},{\"name\":\"Call to Action\",\"type\":\"section\",\"props\":{\"image_position\":\"center-center\",\"overlap\":false,\"padding_remove_bottom\":true,\"padding_remove_top\":false,\"preserve_color\":false,\"style\":\"primary\",\"title_breakpoint\":\"xl\",\"title_position\":\"top-left\",\"title_rotation\":\"left\",\"vertical_align\":\"middle\",\"width\":\"large\"},\"children\":[{\"name\":\"\",\"type\":\"row\",\"props\":{\"column_gap\":\"large\",\"layout\":\"1-2,1-2\",\"row_gap\":\"large\",\"vertical_align\":true},\"children\":[{\"name\":\"\",\"type\":\"column\",\"props\":{\"image_position\":\"center-center\",\"media_overlay_gradient\":\"\",\"position_sticky_breakpoint\":\"m\",\"vertical_align\":\"middle\",\"width_medium\":\"1-2\"},\"children\":[{\"name\":\"\",\"type\":\"panel\",\"props\":{\"block_align\":\"center\",\"content\":\"\n\n<p>\\ud83d\\udd52 Atenci\\u00f3n personalizada y respuesta r\\u00e1pida, para que siempre encuentres lo que necesitas, cuando lo necesites.<\\\/p>\",\"content_column_breakpoint\":\"m\",\"icon_ratio\":4,\"icon_width\":80,\"image_align\":\"top\",\"image_grid_breakpoint\":\"m\",\"image_grid_width\":\"1-2\",\"image_svg_color\":\"emphasis\",\"link\":\"\",\"link_style\":\"text\",\"link_text\":\"Join the Team\",\"margin\":\"default\",\"maxwidth\":\"xlarge\",\"maxwidth_breakpoint\":\"s\",\"meta\":\"\",\"meta_align\":\"below-title\",\"meta_element\":\"div\",\"meta_style\":\"text-meta\",\"text_align\":\"left\",\"text_align_breakpoint\":\"m\",\"text_align_fallback\":\"center\",\"title\":\"Ofrecemos productos y medicamentos para el cuidado de tu salud. \",\"title_align\":\"top\",\"title_element\":\"div\",\"title_grid_breakpoint\":\"m\",\"title_grid_width\":\"1-2\",\"title_hover_style\":\"reset\",\"title_style\":\"h2\"}}]},{\"name\":\"\",\"type\":\"column\",\"props\":{\"image_position\":\"center-center\",\"media_overlay_gradient\":\"\",\"position_sticky_breakpoint\":\"m\",\"vertical_align\":\"middle\",\"width_medium\":\"1-2\"},\"children\":[{\"name\":\"\",\"type\":\"image\",\"props\":{\"image\":\"wp-content\\\/uploads\\\/2024\\\/11\\\/familia-terrapharma.png\",\"image_svg_color\":\"emphasis\",\"image_width\":\"660\",\"margin\":\"\",\"margin_remove_bottom\":false,\"margin_remove_top\":false,\"text_align\":\"right\",\"text_align_breakpoint\":\"m\",\"text_align_fallback\":\"center\"}}]}]}]}],\"version\":\"3.0.27\"} --><\/p>\n","protected":false},"excerpt":{"rendered":"<p>HUANCAVILCA Tu Farmacia de confianza Vergeles y Ciudadela Huancavilca, Ciudad del Norte Tu Farmacia de Confianza Medicamentos y productos para la salud, a los mejores precios del mercado. Tu Farmacia de Confianza Medicamentos y productos para la salud, a los mejores precios del mercado. Pedidos Pedidos Vitaminas y Minerales Suplementos Alimenticios \u00a1Tu Farmacia de Confianza! [&hellip;]<\/p>\n","protected":false},"author":1,"featured_media":0,"parent":0,"menu_order":4,"comment_status":"open","ping_status":"open","template":"","meta":{"footnotes":""},"class_list":["post-1","page","type-page","status-publish","hentry"],"acf":[],"_links":{"self":[{"href":"https:\/\/terrapharmaec.com\/index.php?rest_route=\/wp\/v2\/pages\/1","targetHints":{"allow":["GET"]}}],"collection":[{"href":"https:\/\/terrapharmaec.com\/index.php?rest_route=\/wp\/v2\/pages"}],"about":[{"href":"https:\/\/terrapharmaec.com\/index.php?rest_route=\/wp\/v2\/types\/page"}],"author":[{"embeddable":true,"href":"https:\/\/terrapharmaec.com\/index.php?rest_route=\/wp\/v2\/users\/1"}],"replies":[{"embeddable":true,"href":"https:\/\/terrapharmaec.com\/index.php?rest_route=%2Fwp%2Fv2%2Fcomments&post=1"}],"version-history":[{"count":58,"href":"https:\/\/terrapharmaec.com\/index.php?rest_route=\/wp\/v2\/pages\/1\/revisions"}],"predecessor-version":[{"id":1212,"href":"https:\/\/terrapharmaec.com\/index.php?rest_route=\/wp\/v2\/pages\/1\/revisions\/1212"}],"wp:attachment":[{"href":"https:\/\/terrapharmaec.com\/index.php?rest_route=%2Fwp%2Fv2%2Fmedia&parent=1"}],"curies":[{"name":"wp","href":"https:\/\/api.w.org\/{rel}","templated":true}]}}